{"id":683,"date":"2025-11-23T22:21:30","date_gmt":"2025-11-23T22:21:30","guid":{"rendered":"https:\/\/neu.marketing-roi.eu\/?page_id=683"},"modified":"2026-02-16T17:53:35","modified_gmt":"2026-02-16T16:53:35","slug":"data-storytelling","status":"publish","type":"page","link":"https:\/\/marketing-roi.eu\/en\/leistungen\/data-storytelling\/","title":{"rendered":"Data storytelling"},"content":{"rendered":"<div data-elementor-type=\"wp-page\" data-elementor-id=\"683\" class=\"elementor elementor-683\" data-elementor-post-type=\"page\">\n\t\t\t\t<div data-particle_enable=\"false\" data-particle-mobile-disabled=\"false\" class=\"elementor-element elementor-element-c29e509 e-flex e-con-boxed e-con e-parent\" data-id=\"c29e509\" data-element_type=\"container\" data-e-type=\"container\">\n\t\t\t\t\t<div class=\"e-con-inner\">\n\t\t<div data-particle_enable=\"false\" data-particle-mobile-disabled=\"false\" class=\"elementor-element elementor-element-b9374bc e-con-full e-flex e-con e-child\" data-id=\"b9374bc\" data-element_type=\"container\" data-e-type=\"container\">\n\t\t\t\t<div class=\"elementor-element elementor-element-114b257 elementor-widget elementor-widget-image\" data-id=\"114b257\" data-element_type=\"widget\" data-e-type=\"widget\" data-widget_type=\"image.default\">\n\t\t\t\t\t\t\t\t\t\t\t\t\t\t\t<img fetchpriority=\"high\" decoding=\"async\" width=\"573\" height=\"841\" src=\"https:\/\/marketing-roi.eu\/wp-content\/uploads\/2025\/11\/Kapitel-im-Buch.jpg\" class=\"attachment-large size-large wp-image-792\" alt=\"Mastering data storytelling - Chapter 7 in the book - Marketing ROI Experts - Your expert for B2B marketing\" srcset=\"https:\/\/marketing-roi.eu\/wp-content\/uploads\/2025\/11\/Kapitel-im-Buch.jpg 573w, https:\/\/marketing-roi.eu\/wp-content\/uploads\/2025\/11\/Kapitel-im-Buch-204x300.jpg 204w, https:\/\/marketing-roi.eu\/wp-content\/uploads\/2025\/11\/Kapitel-im-Buch-8x12.jpg 8w\" sizes=\"(max-width: 573px) 100vw, 573px\" \/>\t\t\t\t\t\t\t\t\t\t\t\t\t\t\t<\/div>\n\t\t\t\t<div class=\"elementor-element elementor-element-f87caa2 elementor-widget elementor-widget-image\" data-id=\"f87caa2\" data-element_type=\"widget\" data-e-type=\"widget\" data-widget_type=\"image.default\">\n\t\t\t\t\t\t\t\t\t\t\t\t\t\t\t<img decoding=\"async\" width=\"520\" height=\"293\" src=\"https:\/\/marketing-roi.eu\/wp-content\/uploads\/2025\/11\/HW-und-Buch.jpg\" class=\"attachment-large size-large wp-image-793\" alt=\"Storytelling with data - Hans-Wilhelm Eckert\" srcset=\"https:\/\/marketing-roi.eu\/wp-content\/uploads\/2025\/11\/HW-und-Buch.jpg 520w, https:\/\/marketing-roi.eu\/wp-content\/uploads\/2025\/11\/HW-und-Buch-300x169.jpg 300w, https:\/\/marketing-roi.eu\/wp-content\/uploads\/2025\/11\/HW-und-Buch-18x10.jpg 18w\" sizes=\"(max-width: 520px) 100vw, 520px\" \/>\t\t\t\t\t\t\t\t\t\t\t\t\t\t\t<\/div>\n\t\t\t\t<\/div>\n\t\t<div data-particle_enable=\"false\" data-particle-mobile-disabled=\"false\" class=\"elementor-element elementor-element-0b2e902 e-con-full e-flex e-con e-child\" data-id=\"0b2e902\" data-element_type=\"container\" data-e-type=\"container\">\n\t\t\t\t<div class=\"elementor-element elementor-element-04adab7 elementor-widget elementor-widget-image\" data-id=\"04adab7\" data-element_type=\"widget\" data-e-type=\"widget\" data-widget_type=\"image.default\">\n\t\t\t\t\t\t\t\t\t\t\t\t\t\t\t<img decoding=\"async\" width=\"800\" height=\"328\" src=\"https:\/\/marketing-roi.eu\/wp-content\/uploads\/2025\/11\/Walking_Man-1024x420.png\" class=\"attachment-large size-large wp-image-788\" alt=\"Data Storytelling - Walking Man - Marketing ROI Experts - Your expert for B2B marketing\" srcset=\"https:\/\/marketing-roi.eu\/wp-content\/uploads\/2025\/11\/Walking_Man-1024x420.png 1024w, https:\/\/marketing-roi.eu\/wp-content\/uploads\/2025\/11\/Walking_Man-300x123.png 300w, https:\/\/marketing-roi.eu\/wp-content\/uploads\/2025\/11\/Walking_Man-768x315.png 768w, https:\/\/marketing-roi.eu\/wp-content\/uploads\/2025\/11\/Walking_Man-18x7.png 18w, https:\/\/marketing-roi.eu\/wp-content\/uploads\/2025\/11\/Walking_Man.png 1200w\" sizes=\"(max-width: 800px) 100vw, 800px\" \/>\t\t\t\t\t\t\t\t\t\t\t\t\t\t\t<\/div>\n\t\t\t\t<div class=\"elementor-element elementor-element-2fbb14d elementor-widget elementor-widget-heading\" data-id=\"2fbb14d\" data-element_type=\"widget\" data-e-type=\"widget\" data-widget_type=\"heading.default\">\n\t\t\t\t\t<h1 class=\"elementor-heading-title elementor-size-default\">Successfully implementing data storytelling<\/h1>\t\t\t\t<\/div>\n\t\t\t\t<div class=\"elementor-element elementor-element-cc0ea20 elementor-widget elementor-widget-heading\" data-id=\"cc0ea20\" data-element_type=\"widget\" data-e-type=\"widget\" data-widget_type=\"heading.default\">\n\t\t\t\t\t<h3 class=\"elementor-heading-title elementor-size-default\">Communicate findings effectively and motivate people to act<\/h3>\t\t\t\t<\/div>\n\t\t\t\t<div class=\"elementor-element elementor-element-0d108f6 elementor-widget elementor-widget-text-editor\" data-id=\"0d108f6\" data-element_type=\"widget\" data-e-type=\"widget\" data-widget_type=\"text-editor.default\">\n\t\t\t\t\t\t\t\t\t<p>Decisions in companies are increasingly being made on the basis of data. It is no longer enough to simply present figures. Successful managers are able to transform data insights into convincing stories that not only inform, but also motivate action.<\/p><p>This is exactly where data storytelling comes in: It gives the data a voice and helps to convey insights clearly and comprehensibly. Storytelling is a translation service. For B2B companies, this ability is essential in order to communicate complex insights effectively, initiate strategic decisions and anchor them in the long term. Those who master this method not only gain deep insights into economic interrelationships, but also open up the ability to communicate these insights in an effective way.<\/p><p>The success of data storytelling is teamwork: Analysis, visualisation and communication must go hand in hand. This works if everyone involved has a goal in mind and understands their role. The selection of the right use cases, addressing relevant target groups and a coherent communication strategy are crucial.<\/p><p>To this end, Lutz Klaus and data storyteller\u00a0<a href=\"https:\/\/data-storyteller.de\/ueber-mich\" target=\"_blank\" rel=\"noopener\">Hans-Wilhelm Eckert<\/a>\u00a0has developed a modular implementation plan. In six steps, you will learn how to realise the full potential of your data. Together, we will develop compelling data stories based on specific use cases that reach your target groups and convey your messages clearly and convincingly. Discover the possibilities of data storytelling and successfully implement data-based decisions.<\/p><p>You can obtain more information in a personal meeting at\u00a0<b>06402 8059081<\/b>\u00a0or simply a\u00a0<b>Email with the subject \u201eData storytelling\u201c<\/b>\u00a0<b>send to\u00a0<\/b><b><a href=\"mailto:lklaus@marketing-roi.eu?subject=Funnel%20Management\">lklaus@marketing-roi.eu<\/a><\/b><b>.<\/b><\/p>\t\t\t\t\t\t\t\t<\/div>\n\t\t\t\t<div class=\"elementor-element elementor-element-e330bf7 elementor-widget elementor-widget-image\" data-id=\"e330bf7\" data-element_type=\"widget\" data-e-type=\"widget\" data-widget_type=\"image.default\">\n\t\t\t\t\t\t\t\t\t\t\t\t\t\t\t<img loading=\"lazy\" decoding=\"async\" width=\"800\" height=\"450\" src=\"https:\/\/marketing-roi.eu\/wp-content\/uploads\/2025\/11\/Data-Storytelling-erfolgreich-umsetzen_6-Schritte-in-6-Monaten-1024x576.jpg\" class=\"attachment-large size-large wp-image-794\" alt=\"6 steps in 6 months - successfully implementing data storytelling - Marketing ROI Experts - Your expert for B2B marketing\" srcset=\"https:\/\/marketing-roi.eu\/wp-content\/uploads\/2025\/11\/Data-Storytelling-erfolgreich-umsetzen_6-Schritte-in-6-Monaten-1024x576.jpg 1024w, https:\/\/marketing-roi.eu\/wp-content\/uploads\/2025\/11\/Data-Storytelling-erfolgreich-umsetzen_6-Schritte-in-6-Monaten-300x169.jpg 300w, https:\/\/marketing-roi.eu\/wp-content\/uploads\/2025\/11\/Data-Storytelling-erfolgreich-umsetzen_6-Schritte-in-6-Monaten-768x432.jpg 768w, https:\/\/marketing-roi.eu\/wp-content\/uploads\/2025\/11\/Data-Storytelling-erfolgreich-umsetzen_6-Schritte-in-6-Monaten-18x10.jpg 18w, https:\/\/marketing-roi.eu\/wp-content\/uploads\/2025\/11\/Data-Storytelling-erfolgreich-umsetzen_6-Schritte-in-6-Monaten.jpg 1280w\" sizes=\"(max-width: 800px) 100vw, 800px\" \/>\t\t\t\t\t\t\t\t\t\t\t\t\t\t\t<\/div>\n\t\t\t\t<div class=\"elementor-element elementor-element-dd42f50 elementor-widget elementor-widget-button\" data-id=\"dd42f50\" data-element_type=\"widget\" data-e-type=\"widget\" data-widget_type=\"button.default\">\n\t\t\t\t\t\t\t\t\t\t<a class=\"elementor-button elementor-button-link elementor-size-sm\" href=\"https:\/\/marketing-roi.eu\/en\/contact\/\">\n\t\t\t\t\t\t<span class=\"elementor-button-content-wrapper\">\n\t\t\t\t\t\t\t\t\t<span class=\"elementor-button-text\">Contact us<\/span>\n\t\t\t\t\t<\/span>\n\t\t\t\t\t<\/a>\n\t\t\t\t\t\t\t\t<\/div>\n\t\t\t\t<\/div>\n\t\t\t\t\t<\/div>\n\t\t\t\t<\/div>\n\t\t\t\t<\/div>","protected":false},"excerpt":{"rendered":"<p>Data-Storytelling erfolgreich umsetzen Erkenntnisse wirkungsvoll kommunizieren und Menschen zum Handeln bewegen Entscheidungen in Unternehmen werden zunehmend auf Basis von Daten getroffen. Dabei reicht es l\u00e4ngst nicht mehr aus, blo\u00dfe Zahlen zu pr\u00e4sentieren. Erfolgreichen Verantwortlichen gelingt es, Datenerkenntnisse in \u00fcberzeugende Geschichten zu verwandeln, die nicht nur informieren, sondern auch zum Handeln bewegen. Genau hier setzt Data-Storytelling [&hellip;]<\/p>\n","protected":false},"author":1,"featured_media":0,"parent":186,"menu_order":0,"comment_status":"closed","ping_status":"closed","template":"","meta":{"footnotes":""},"class_list":["post-683","page","type-page","status-publish","hentry"],"_links":{"self":[{"href":"https:\/\/marketing-roi.eu\/en\/wp-json\/wp\/v2\/pages\/683","targetHints":{"allow":["GET"]}}],"collection":[{"href":"https:\/\/marketing-roi.eu\/en\/wp-json\/wp\/v2\/pages"}],"about":[{"href":"https:\/\/marketing-roi.eu\/en\/wp-json\/wp\/v2\/types\/page"}],"author":[{"embeddable":true,"href":"https:\/\/marketing-roi.eu\/en\/wp-json\/wp\/v2\/users\/1"}],"replies":[{"embeddable":true,"href":"https:\/\/marketing-roi.eu\/en\/wp-json\/wp\/v2\/comments?post=683"}],"version-history":[{"count":15,"href":"https:\/\/marketing-roi.eu\/en\/wp-json\/wp\/v2\/pages\/683\/revisions"}],"predecessor-version":[{"id":1554,"href":"https:\/\/marketing-roi.eu\/en\/wp-json\/wp\/v2\/pages\/683\/revisions\/1554"}],"up":[{"embeddable":true,"href":"https:\/\/marketing-roi.eu\/en\/wp-json\/wp\/v2\/pages\/186"}],"wp:attachment":[{"href":"https:\/\/marketing-roi.eu\/en\/wp-json\/wp\/v2\/media?parent=683"}],"curies":[{"name":"wp","href":"https:\/\/api.w.org\/{rel}","templated":true}]}}