{"id":658,"date":"2025-11-23T22:11:29","date_gmt":"2025-11-23T22:11:29","guid":{"rendered":"https:\/\/neu.marketing-roi.eu\/?page_id=658"},"modified":"2026-03-18T10:17:10","modified_gmt":"2026-03-18T09:17:10","slug":"lead-management","status":"publish","type":"page","link":"https:\/\/marketing-roi.eu\/en\/leistungen\/lead-management\/","title":{"rendered":"Lead Management"},"content":{"rendered":"<div data-elementor-type=\"wp-page\" data-elementor-id=\"658\" class=\"elementor elementor-658\" data-elementor-post-type=\"page\">\n\t\t\t\t<div data-particle_enable=\"false\" data-particle-mobile-disabled=\"false\" class=\"elementor-element elementor-element-c29e509 e-flex e-con-boxed e-con e-parent\" data-id=\"c29e509\" data-element_type=\"container\" data-e-type=\"container\">\n\t\t\t\t\t<div class=\"e-con-inner\">\n\t\t<div data-particle_enable=\"false\" data-particle-mobile-disabled=\"false\" class=\"elementor-element elementor-element-b9374bc e-con-full e-flex e-con e-child\" data-id=\"b9374bc\" data-element_type=\"container\" data-e-type=\"container\">\n\t\t\t\t<div class=\"elementor-element elementor-element-e5b7d97 elementor-widget elementor-widget-video\" data-id=\"e5b7d97\" data-element_type=\"widget\" data-e-type=\"widget\" data-settings=\"{&quot;youtube_url&quot;:&quot;https:\\\/\\\/youtu.be\\\/4iVpVhoSPhs&quot;,&quot;lazy_load&quot;:&quot;yes&quot;,&quot;video_type&quot;:&quot;youtube&quot;,&quot;controls&quot;:&quot;yes&quot;}\" data-widget_type=\"video.default\">\n\t\t\t\t\t\t\t<div class=\"elementor-wrapper elementor-open-inline\">\n\t\t\t<div class=\"elementor-video\"><\/div>\t\t<\/div>\n\t\t\t\t\t\t<\/div>\n\t\t\t\t<div class=\"elementor-element elementor-element-20b8a6c elementor-widget elementor-widget-image\" data-id=\"20b8a6c\" data-element_type=\"widget\" data-e-type=\"widget\" data-widget_type=\"image.default\">\n\t\t\t\t\t\t\t\t\t\t\t\t\t\t\t<img decoding=\"async\" src=\"http:\/\/neu.marketing-roi.eu\/wp-content\/uploads\/2025\/11\/roi-1.png\" title=\"\" alt=\"\" loading=\"lazy\" \/>\t\t\t\t\t\t\t\t\t\t\t\t\t\t\t<\/div>\n\t\t<div data-particle_enable=\"false\" data-particle-mobile-disabled=\"false\" class=\"elementor-element elementor-element-5972a9c e-con-full e-flex e-con e-child\" data-id=\"5972a9c\" data-element_type=\"container\" data-e-type=\"container\" data-settings=\"{&quot;background_background&quot;:&quot;classic&quot;}\">\n\t\t\t\t<div class=\"elementor-element elementor-element-50181ca elementor-widget elementor-widget-text-editor\" data-id=\"50181ca\" data-element_type=\"widget\" data-e-type=\"widget\" data-widget_type=\"text-editor.default\">\n\t\t\t\t\t\t\t\t\t<p>Flughafen M\u00fcnchen GmbH would like to thank you for the excellent 2-day workshop on \u201eMarketing ROI in practice\u201c. Our expectations of the workshop were definitely exceeded at all levels - planning, implementation, follow-up. Lutz Klaus managed to inspire and motivate all workshop participants with his extremely pleasant manner and his wealth of personal experience in marketing and international business. His preparation and approach was highly professional, structured and tailored to our needs, so that by the end of the workshop we had a clear idea of which measures we needed to implement and when. We look forward to working with Lutz Klaus in the future.<\/p>\t\t\t\t\t\t\t\t<\/div>\n\t\t\t\t<div class=\"elementor-element elementor-element-0bdf0af elementor-widget elementor-widget-heading\" data-id=\"0bdf0af\" data-element_type=\"widget\" data-e-type=\"widget\" data-widget_type=\"heading.default\">\n\t\t\t\t\t<h4 class=\"elementor-heading-title elementor-size-default\">Thomas Kube<\/h4>\t\t\t\t<\/div>\n\t\t\t\t<div class=\"elementor-element elementor-element-b318fe8 elementor-widget elementor-widget-heading\" data-id=\"b318fe8\" data-element_type=\"widget\" data-e-type=\"widget\" data-widget_type=\"heading.default\">\n\t\t\t\t\t<h5 class=\"elementor-heading-title elementor-size-default\">Head of Marketing and Traffic Promotion, Flughafen M\u00fcnchen GmbH<\/h5>\t\t\t\t<\/div>\n\t\t\t\t<\/div>\n\t\t\t\t<\/div>\n\t\t<div data-particle_enable=\"false\" data-particle-mobile-disabled=\"false\" class=\"elementor-element elementor-element-0b2e902 e-con-full e-flex e-con e-child\" data-id=\"0b2e902\" data-element_type=\"container\" data-e-type=\"container\">\n\t\t\t\t<div class=\"elementor-element elementor-element-2fbb14d elementor-widget elementor-widget-heading\" data-id=\"2fbb14d\" data-element_type=\"widget\" data-e-type=\"widget\" data-widget_type=\"heading.default\">\n\t\t\t\t\t<h2 class=\"elementor-heading-title elementor-size-default\">Lead management: Acquire new customers and make a measurable contribution to your company's success<\/h2>\t\t\t\t<\/div>\n\t\t\t\t<div class=\"elementor-element elementor-element-0d108f6 elementor-widget elementor-widget-text-editor\" data-id=\"0d108f6\" data-element_type=\"widget\" data-e-type=\"widget\" data-widget_type=\"text-editor.default\">\n\t\t\t\t\t\t\t\t\t<p>Lead management describes an approach used by marketing and sales to systematically and scalably acquire new customers. It ensures higher sales through qualified leads and harmonised processes.<\/p><p>Marketing makes a measurable contribution that translates into a better ROI. Lead management does not work at the push of a button. Goals, strategies and planning should be just as harmonised as internal processes and tasks. The qualification of employees plays a role, as do clear objectives and the right technology. AI can help in many areas, from content or translation to the partial or complete takeover of processes. Lasting success can only be achieved if all areas are considered holistically.<\/p><p><u>Our counselling services:<\/u><\/p><ol><li>Clarify the benefits and requirements for successful lead management<\/li><li>Transfer of proven methods and approaches for optimisation<\/li><li>Definition of a needs-based catalogue of measures for employees, technology and processes<\/li><li>Support during implementation for measurable improvement of results<\/li><\/ol><p><u>Components (individually by arrangement):<\/u><\/p><ul><li>Briefing on the initial situation, objectives and current framework conditions<\/li><li>Team workshop \u201e<a href=\"https:\/\/marketing-roi.eu\/wp-content\/uploads\/2025\/11\/Workshop-Lead-Management-1.pdf\" target=\"_blank\" rel=\"noopener\">Set up lead management and make a measurable contribution to the company's success<\/a>\u201e<\/li><li>Individual 6-month and 6-step implementation plan including target definition, KPIs, lead scoring, 3V method for funnel optimisation, company-specific marketing ROI calculator, etc.<\/li><li>Support with the implementation<\/li><\/ul>\t\t\t\t\t\t\t\t<\/div>\n\t\t\t\t<div class=\"elementor-element elementor-element-ab5c060 elementor-widget elementor-widget-image\" data-id=\"ab5c060\" data-element_type=\"widget\" data-e-type=\"widget\" data-widget_type=\"image.default\">\n\t\t\t\t\t\t\t\t\t\t\t\t\t\t\t<img fetchpriority=\"high\" decoding=\"async\" width=\"800\" height=\"450\" src=\"https:\/\/marketing-roi.eu\/wp-content\/uploads\/2025\/11\/Marketing-ROI-und-Lead-Management-optimieren_6-Schritte-in-6-Monaten-1024x576.jpg\" class=\"attachment-large size-large wp-image-1200\" alt=\"Introduce lead management in six steps\" srcset=\"https:\/\/marketing-roi.eu\/wp-content\/uploads\/2025\/11\/Marketing-ROI-und-Lead-Management-optimieren_6-Schritte-in-6-Monaten-1024x576.jpg 1024w, https:\/\/marketing-roi.eu\/wp-content\/uploads\/2025\/11\/Marketing-ROI-und-Lead-Management-optimieren_6-Schritte-in-6-Monaten-300x169.jpg 300w, https:\/\/marketing-roi.eu\/wp-content\/uploads\/2025\/11\/Marketing-ROI-und-Lead-Management-optimieren_6-Schritte-in-6-Monaten-768x432.jpg 768w, https:\/\/marketing-roi.eu\/wp-content\/uploads\/2025\/11\/Marketing-ROI-und-Lead-Management-optimieren_6-Schritte-in-6-Monaten-18x10.jpg 18w, https:\/\/marketing-roi.eu\/wp-content\/uploads\/2025\/11\/Marketing-ROI-und-Lead-Management-optimieren_6-Schritte-in-6-Monaten.jpg 1280w\" sizes=\"(max-width: 800px) 100vw, 800px\" \/>\t\t\t\t\t\t\t\t\t\t\t\t\t\t\t<\/div>\n\t\t\t\t<div class=\"elementor-element elementor-element-e7920e2 elementor-align-center elementor-widget elementor-widget-button\" data-id=\"e7920e2\" data-element_type=\"widget\" data-e-type=\"widget\" data-widget_type=\"button.default\">\n\t\t\t\t\t\t\t\t\t\t<a class=\"elementor-button elementor-button-link elementor-size-sm\" href=\"https:\/\/marketing-roi.eu\/en\/contact\/\">\n\t\t\t\t\t\t<span class=\"elementor-button-content-wrapper\">\n\t\t\t\t\t\t\t\t\t<span class=\"elementor-button-text\">Perform lead-to-revenue quick audit<\/span>\n\t\t\t\t\t<\/span>\n\t\t\t\t\t<\/a>\n\t\t\t\t\t\t\t\t<\/div>\n\t\t\t\t<\/div>\n\t\t\t\t\t<\/div>\n\t\t\t\t<\/div>\n\t\t\t\t<\/div>","protected":false},"excerpt":{"rendered":"<p>https:\/\/youtu.be\/4iVpVhoSPhs Die Flughafen M\u00fcnchen GmbH bedankt sich f\u00fcr den hervorragenden 2-t\u00e4gigen Workshop zum Thema \u201eMarketing ROI in der Praxis\u201c. Unsere Erwartungen an den Workshop wurden auf allen Ebenen \u2013 Planung, Durchf\u00fchrung, Nachbereitung \u2013 definitiv \u00fcbertroffen. Lutz Klaus schaffte es, durch seine \u00e4u\u00dferst angenehme Art und mit seinem reichen Fundus an eigenen Erfahrungen im Marketing und [&hellip;]<\/p>\n","protected":false},"author":1,"featured_media":0,"parent":186,"menu_order":0,"comment_status":"closed","ping_status":"closed","template":"","meta":{"footnotes":""},"class_list":["post-658","page","type-page","status-publish","hentry"],"_links":{"self":[{"href":"https:\/\/marketing-roi.eu\/en\/wp-json\/wp\/v2\/pages\/658","targetHints":{"allow":["GET"]}}],"collection":[{"href":"https:\/\/marketing-roi.eu\/en\/wp-json\/wp\/v2\/pages"}],"about":[{"href":"https:\/\/marketing-roi.eu\/en\/wp-json\/wp\/v2\/types\/page"}],"author":[{"embeddable":true,"href":"https:\/\/marketing-roi.eu\/en\/wp-json\/wp\/v2\/users\/1"}],"replies":[{"embeddable":true,"href":"https:\/\/marketing-roi.eu\/en\/wp-json\/wp\/v2\/comments?post=658"}],"version-history":[{"count":27,"href":"https:\/\/marketing-roi.eu\/en\/wp-json\/wp\/v2\/pages\/658\/revisions"}],"predecessor-version":[{"id":1860,"href":"https:\/\/marketing-roi.eu\/en\/wp-json\/wp\/v2\/pages\/658\/revisions\/1860"}],"up":[{"embeddable":true,"href":"https:\/\/marketing-roi.eu\/en\/wp-json\/wp\/v2\/pages\/186"}],"wp:attachment":[{"href":"https:\/\/marketing-roi.eu\/en\/wp-json\/wp\/v2\/media?parent=658"}],"curies":[{"name":"wp","href":"https:\/\/api.w.org\/{rel}","templated":true}]}}