{"id":1049,"date":"2025-11-26T16:23:01","date_gmt":"2025-11-26T16:23:01","guid":{"rendered":"https:\/\/neu.marketing-roi.eu\/?page_id=1049"},"modified":"2025-11-26T16:24:59","modified_gmt":"2025-11-26T16:24:59","slug":"accessibility-declaration","status":"publish","type":"page","link":"https:\/\/marketing-roi.eu\/en\/barrierefreiheitserklaerung\/","title":{"rendered":"Declaration of accessibility"},"content":{"rendered":"<div data-elementor-type=\"wp-page\" data-elementor-id=\"1049\" class=\"elementor elementor-1049\" data-elementor-post-type=\"page\">\n\t\t\t\t<div data-particle_enable=\"false\" data-particle-mobile-disabled=\"false\" class=\"elementor-element elementor-element-9cb8acc e-flex e-con-boxed e-con e-parent\" data-id=\"9cb8acc\" data-element_type=\"container\" data-e-type=\"container\">\n\t\t\t\t\t<div class=\"e-con-inner\">\n\t\t\t\t<div class=\"elementor-element elementor-element-bed0581 elementor-widget elementor-widget-heading\" data-id=\"bed0581\" data-element_type=\"widget\" data-e-type=\"widget\" data-widget_type=\"heading.default\">\n\t\t\t\t\t<h1 class=\"elementor-heading-title elementor-size-default\">Declaration of accessibility<\/h1>\t\t\t\t<\/div>\n\t\t\t\t<div class=\"elementor-element elementor-element-6572800 elementor-widget elementor-widget-text-editor\" data-id=\"6572800\" data-element_type=\"widget\" data-e-type=\"widget\" data-widget_type=\"text-editor.default\">\n\t\t\t\t\t\t\t\t\t<p data-start=\"209\" data-end=\"450\">Marketing ROI Experts endeavours to make the website <strong data-start=\"255\" data-end=\"275\">marketing-roi.eu<\/strong> accessible without barriers. The legal basis is the <strong data-start=\"337\" data-end=\"379\">Disability Equality Act (BGG)<\/strong> and the <strong data-start=\"390\" data-end=\"449\">Barrier-free Information Technology Ordinance (BITV 2.0)<\/strong>.<\/p>\n<h4 data-start=\"457\" data-end=\"492\"><strong data-start=\"462\" data-end=\"492\">Accessibility status<\/strong><\/h4>\n<p data-start=\"493\" data-end=\"596\">Our website is regularly checked technically and editorially. The following measures have been implemented:<\/p>\n<ul data-start=\"597\" data-end=\"805\">\n<li data-start=\"597\" data-end=\"643\">\n<p data-start=\"599\" data-end=\"643\">legible and structured HTML headings<\/p>\n<\/li>\n<li data-start=\"644\" data-end=\"682\">\n<p data-start=\"646\" data-end=\"682\">Sufficient colour and contrast values<\/p>\n<\/li>\n<li data-start=\"683\" data-end=\"725\">\n<p data-start=\"685\" data-end=\"725\">Keyboard navigation without loss of function<\/p>\n<\/li>\n<li data-start=\"726\" data-end=\"777\">\n<p data-start=\"728\" data-end=\"777\">Alternative texts for essential graphic content<\/p>\n<\/li>\n<li data-start=\"778\" data-end=\"805\">\n<p data-start=\"780\" data-end=\"805\">Scalable font sizes<\/p><\/li><\/ul>\n<h4 data-start=\"812\" data-end=\"846\"><strong data-start=\"817\" data-end=\"846\">Barriers that still exist<\/strong><\/h4>\n<p data-start=\"847\" data-end=\"932\">Despite careful implementation, individual barriers may exist. This may concern<\/p>\n<ul data-start=\"933\" data-end=\"1046\">\n<li data-start=\"933\" data-end=\"974\">\n<p data-start=\"935\" data-end=\"974\">Individual older PDF or image documents<\/p>\n<\/li>\n<li data-start=\"975\" data-end=\"1046\">\n<p data-start=\"977\" data-end=\"1046\">Decorative graphics without alt attribute, if without information content<\/p>\n<\/li>\n<\/ul>\n<p data-start=\"1048\" data-end=\"1105\">We are working on adapting this content on an ongoing basis.<\/p>\n<h4 data-start=\"1112\" data-end=\"1141\"><strong data-start=\"1117\" data-end=\"1141\">Feedback and contact<\/strong><\/h4>\n<p data-start=\"1142\" data-end=\"1243\">If you encounter any barriers or need support, you can contact us at any time:<\/p>\n<p data-start=\"1245\" data-end=\"1392\"><strong data-start=\"1245\" data-end=\"1392\">Marketing ROI Experts<br data-start=\"1268\" data-end=\"1271\">Lutz Klaus<br data-start=\"1281\" data-end=\"1284\">At the Lehmkaute 6b<br data-start=\"1304\" data-end=\"1307\">35410 Hungen-Bellersheim<br data-start=\"1331\" data-end=\"1334\">e-mail: <a class=\"decorated-link cursor-pointer\" rel=\"noopener\" data-start=\"1342\" data-end=\"1365\">lklaus@marketing-roi.eu<\/a><br data-start=\"1365\" data-end=\"1368\">Phone: 06402 8059081<\/strong><\/p>\n<h4 data-start=\"1399\" data-end=\"1430\"><strong data-start=\"1404\" data-end=\"1430\">Enforcement proceedings<\/strong><\/h4>\n<p data-start=\"1431\" data-end=\"1563\">If you do not receive satisfactory feedback within six weeks, you can contact the responsible office:<\/p>\n<p data-start=\"1565\" data-end=\"1693\"><strong data-start=\"1565\" data-end=\"1693\">Commissioner for the Disabled of the State of Hesse<br data-start=\"1614\" data-end=\"1617\">Arbitration board according to \u00a7 16 BGG<br data-start=\"1649\" data-end=\"1652\">e-mail: <a class=\"decorated-link cursor-pointer\" rel=\"noopener\" data-start=\"1660\" data-end=\"1691\">schlichtungsstelle@lb-hessen.de<\/a><\/strong><\/p>\t\t\t\t\t\t\t\t<\/div>\n\t\t\t\t\t<\/div>\n\t\t\t\t<\/div>\n\t\t\t\t<\/div>","protected":false},"excerpt":{"rendered":"<p>Barrierefreiheitserkl\u00e4rung Marketing ROI Experts ist bem\u00fcht, die Website marketing-roi.eu barrierefrei zug\u00e4nglich zu machen. Rechtsgrundlagen sind das Behindertengleichstellungsgesetz (BGG) sowie die Barrierefreie-Informationstechnik-Verordnung (BITV 2.0). Stand der Barrierefreiheit Unsere Website wird regelm\u00e4\u00dfig technisch und redaktionell \u00fcberpr\u00fcft. Folgende Ma\u00dfnahmen sind umgesetzt: lesbare und strukturierte HTML-\u00dcberschriften ausreichende Farb- und Kontrastwerte Tastaturnavigation ohne Funktionsverlust Alternativtexte f\u00fcr wesentliche grafische Inhalte skalierbare [&hellip;]<\/p>\n","protected":false},"author":1,"featured_media":0,"parent":0,"menu_order":0,"comment_status":"closed","ping_status":"closed","template":"","meta":{"footnotes":""},"class_list":["post-1049","page","type-page","status-publish","hentry"],"_links":{"self":[{"href":"https:\/\/marketing-roi.eu\/en\/wp-json\/wp\/v2\/pages\/1049","targetHints":{"allow":["GET"]}}],"collection":[{"href":"https:\/\/marketing-roi.eu\/en\/wp-json\/wp\/v2\/pages"}],"about":[{"href":"https:\/\/marketing-roi.eu\/en\/wp-json\/wp\/v2\/types\/page"}],"author":[{"embeddable":true,"href":"https:\/\/marketing-roi.eu\/en\/wp-json\/wp\/v2\/users\/1"}],"replies":[{"embeddable":true,"href":"https:\/\/marketing-roi.eu\/en\/wp-json\/wp\/v2\/comments?post=1049"}],"version-history":[{"count":0,"href":"https:\/\/marketing-roi.eu\/en\/wp-json\/wp\/v2\/pages\/1049\/revisions"}],"wp:attachment":[{"href":"https:\/\/marketing-roi.eu\/en\/wp-json\/wp\/v2\/media?parent=1049"}],"curies":[{"name":"wp","href":"https:\/\/api.w.org\/{rel}","templated":true}]}}